{"id":21,"date":"2025-02-18T09:40:07","date_gmt":"2025-02-18T09:40:07","guid":{"rendered":"https:\/\/stadtapartments-greifswald.de\/?page_id=21"},"modified":"2025-04-08T08:11:53","modified_gmt":"2025-04-08T08:11:53","slug":"impressum","status":"publish","type":"page","link":"https:\/\/stadtapartments-greifswald.de\/en\/impressum\/","title":{"rendered":"Imprint"},"content":{"rendered":"<section id=\"section-2-21\" class=\" ct-section\" ><div class=\"ct-section-inner-wrap\"><h1 id=\"headline-3-21\" class=\"ct-headline\">Impressum<\/h1><div id=\"_rich_text-4-21\" class=\"oxy-rich-text\" ><div class=\"ce-bodytext\"><p><strong>Angaben gem\u00e4\u00df \u00a7 5 Abs. 1 Digitale-Dienste-Gesetz (DDG)<\/strong><br \/>Pommerscher Diakonieverein e.V.<br \/>Rakower Stra\u00dfe 18<br \/>17489 Greifswald<br \/>\u00a0<br \/>Vertreten durch Dr. Michael Bartels (Vorsteher) und Steffen Jaeckel (Kaufm\u00e4nnischer Vorstand)<\/p><p>Tel: 03834 8537-0<br \/>Fax: 03834 8537-179<br \/>E-Mail: post [ a t] pommerscher-diakonieverein.de<\/p><p><strong>Verantwortlich f\u00fcr den Inhalt nach \u00a7 18 Abs. 2 Medienstaatsvertrag (MStV)<\/strong><br \/>Pommerscher Diakonieverein e.V.<br \/>Rakower Stra\u00dfe 18<br \/>17489 Greifswald<br \/>\u00a0<br \/>Vertreten durch Dr. Michael Bartels (Vorsteher) und Steffen Jaeckel (Kaufm\u00e4nnischer Vorstand)<\/p><p>Tel: 03834 8537-0<br \/>Fax: 03834 8537-179<br \/>E-Mail: post [ a t] pommerscher-diakonieverein.de<\/p><p><strong>Registereintrag<\/strong><br \/>Registergericht: Amtsgericht Stralsund<br \/>Registernummer: VR 4235<\/p><p><strong>Umsatzsteuer<\/strong><br \/>USt-IdNr:\u00a0DE137584320<\/p><\/div><\/div><\/div><\/section><section id=\"section-6-21\" class=\" ct-section\" ><div class=\"ct-section-inner-wrap\"><h2 id=\"headline-5-21\" class=\"ct-headline\">Rechtshinweis<\/h2><div id=\"_rich_text-8-21\" class=\"oxy-rich-text\" ><div class=\"ce-bodytext\"><p>Mit Urteil vom 12. Mai 1998 hat das Landgericht Hamburg (LG Hamburg, Urteil vom 12. Mai 1998, 312 O 85\/98) entschieden, dass man durch die Ausbringung eines Links die Inhalte der gelinkten Seite ggf. mitzuverantworten hat. Dies kann - so das Landgericht Hamburg - nur dadurch verhindert werden, dass man sich ausdr\u00fccklich von diesen Inhalten distanziert. Auf unserer Homepage, des \u201ePommerschen Diakonieverein e. V.\", haben wir Links zu anderen Webseiten von externen Anbietern im Internet eingerichtet. F\u00fcr all diese Links gilt:<\/p><ul><li>Gem\u00e4\u00df \u00a7 5 Abs. 1 TDG sind wir ausschlie\u00dflich f\u00fcr eigene Inhalte, die wir zur Nutzung bereithalten, verantwortlich.<\/li><li>F\u00fcr Links auf fremde Inhalte anderer Anbieter, die wir zur Nutzung bereithalten, sind wir gem\u00e4\u00df \u00a7 5 Abs. 2 TDG nur dann verantwortlich, wenn wir von einem rechtswidrigen oder strafbaren Inhalt Kenntnis erlangen und es uns technisch m\u00f6glich und zumutbar ist, deren Nutzung zu verhindern.<\/li><li>Auch sind wir nicht verpflichtet, in periodischen Abst\u00e4nden den Inhalt von Angeboten anderer Anbieter auf deren Rechtswidrigkeit oder Strafbarkeit zu \u00fcberpr\u00fcfen.<\/li><li>Sobald wir von dem rechtswidrigen Inhalt der Web-Seiten anderer Anbieter erfahren, wird der entsprechende Link aus unserer Homepage entfernt.<\/li><li>Weiterhin m\u00f6chten wir ausdr\u00fccklich betonen, dass wir keinerlei Einfluss auf die Gestaltung und die Inhalte der gelinkten Seiten haben.<\/li><li>Deshalb distanzieren wir uns hiermit ausdr\u00fccklich von allen Inhalten aller\u00a0gelinkten Seiten auf der gesamten Website inklusive aller Unterseiten. Diese Erkl\u00e4rung gilt f\u00fcr alle auf der Homepage ausgebrachten Links und f\u00fcr alle Inhalte der Seiten, zu denen Links oder Banner f\u00fchren. Sollten Inhalte dieser Internet-Angebote gegen geltendes Urheberrecht oder das Markengesetz versto\u00dfen, werden diese auf Hinweis schnellstm\u00f6glich entfernt.<\/li><\/ul><\/div><\/div><\/div><\/section>","protected":false},"excerpt":{"rendered":"","protected":false},"author":1,"featured_media":0,"parent":0,"menu_order":0,"comment_status":"closed","ping_status":"closed","template":"","meta":{"footnotes":""},"class_list":["post-21","page","type-page","status-publish","hentry"],"_links":{"self":[{"href":"https:\/\/stadtapartments-greifswald.de\/en\/wp-json\/wp\/v2\/pages\/21","targetHints":{"allow":["GET"]}}],"collection":[{"href":"https:\/\/stadtapartments-greifswald.de\/en\/wp-json\/wp\/v2\/pages"}],"about":[{"href":"https:\/\/stadtapartments-greifswald.de\/en\/wp-json\/wp\/v2\/types\/page"}],"author":[{"embeddable":true,"href":"https:\/\/stadtapartments-greifswald.de\/en\/wp-json\/wp\/v2\/users\/1"}],"replies":[{"embeddable":true,"href":"https:\/\/stadtapartments-greifswald.de\/en\/wp-json\/wp\/v2\/comments?post=21"}],"version-history":[{"count":2,"href":"https:\/\/stadtapartments-greifswald.de\/en\/wp-json\/wp\/v2\/pages\/21\/revisions"}],"predecessor-version":[{"id":258,"href":"https:\/\/stadtapartments-greifswald.de\/en\/wp-json\/wp\/v2\/pages\/21\/revisions\/258"}],"wp:attachment":[{"href":"https:\/\/stadtapartments-greifswald.de\/en\/wp-json\/wp\/v2\/media?parent=21"}],"curies":[{"name":"wp","href":"https:\/\/api.w.org\/{rel}","templated":true}]}}